{"id":2,"date":"2025-06-10T20:24:24","date_gmt":"2025-06-10T18:24:24","guid":{"rendered":"http:\/\/blog.winetik.es\/?page_id=2"},"modified":"2026-01-26T13:22:53","modified_gmt":"2026-01-26T12:22:53","slug":"cerberoshield-list","status":"publish","type":"page","link":"https:\/\/blog.winetik.es\/index.php\/cerberoshield-list\/","title":{"rendered":"CERBEROSHIELD LIST"},"content":{"rendered":"\n<p><strong>CerberoShield List<\/strong> es una colecci\u00f3n gratuita y actualizada de listas negras de IPs maliciosas. <\/p>\n\n\n\n<p>Dise\u00f1ada espec\u00edficamente para peque\u00f1os ISPs y WISPs u Empresas que operan con <strong>MikroTik<\/strong>.<\/p>\n\n\n\n<p>Protecci\u00f3n activa para equipos MikroTik.<\/p>\n\n\n\n<p>Estas listas est\u00e1n optimizadas para ser cargadas directamente en el m\u00f3dulo de firewall de <strong>MikroTik<\/strong>, permitiendo una integraci\u00f3n r\u00e1pida y sin complicaciones.<\/p>\n\n\n\n<p><strong>CerberoShield detecta y lista direcciones IP vinculadas a:<\/strong><\/p>\n\n\n\n<ul class=\"wp-block-list\">\n<li>Escaneos de puertos automatizados.<\/li>\n\n\n\n<li>Conexiones a puertos sensibles o prohibidos.<\/li>\n\n\n\n<li>Actividad de red an\u00f3mala detectada de forma distribuida.<\/li>\n<\/ul>\n\n\n\n<h2 class=\"wp-block-heading\"><strong>Listas basadas en Reputaci\u00f3n Acumulada.<\/strong><\/h2>\n\n\n\n<p><strong>Proyecto ideal para:<\/strong><\/p>\n\n\n\n<ul class=\"wp-block-list\">\n<li>Proveedores de internet locales.<\/li>\n\n\n\n<li>Redes rurales y comunitarias.<\/li>\n\n\n\n<li>Administradores que necesitan protecci\u00f3n b\u00e1sica sin complicaciones ni sobrecostos.<\/li>\n<\/ul>\n\n\n\n<p><strong>Con capacidad de filtrado geogr\u00e1fico (GeoIP):<\/strong> (Pr\u00f3ximamente)<\/p>\n\n\n\n<ul class=\"wp-block-list\">\n<li>Posibilidad de generar listas segmentadas por pa\u00edses.<\/li>\n\n\n\n<li>Filtrado prioritario de IPs extranjeras en redes locales.<\/li>\n\n\n\n<li>Control m\u00e1s preciso para proteger el tr\u00e1fico nacional o regional<\/li>\n<\/ul>\n\n\n\n<h1 class=\"wp-block-heading\">ATAQUES COMUNES<\/h1>\n\n\n\n<h2 class=\"wp-block-heading\"><strong>Actualizaciones autom\u00e1ticas cada 01:00 h. (Cada hora).<\/strong><\/h2>\n\n\n\n<figure class=\"wp-block-table is-style-stripes\"><table class=\"has-fixed-layout\"><thead><tr><th class=\"has-text-align-left\" data-align=\"left\"><strong>TIPOLOG\u00cdA DE LISTA<\/strong><\/th><th><strong>M\u00c9TODO<\/strong><\/th><\/tr><\/thead><tbody><tr><td class=\"has-text-align-left\" data-align=\"left\">Escaneo de puertos ( Tcp &amp; Udp 0-1024 )<\/td><td><a href=\"https:\/\/blog.winetik.es\/wp-uploads\/CERBEROSHIELD_Scan_Dinamico_0-1024_Ports.rsc\">Descargar<\/a> (Ubicaci\u00f3n: Espa\u00f1a). \u00daltimas 024h.<br>Descargar (Ubicaci\u00f3n: Espa\u00f1a). \u00daltimas 168h.<br>Descargar (Ubicaci\u00f3n: Espa\u00f1a). \u00daltimas 744h.<\/td><\/tr><tr><td class=\"has-text-align-left\" data-align=\"left\">Amplificaci\u00f3n DNS ( Udp 53 )<\/td><td><a href=\"https:\/\/blog.winetik.es\/wp-uploads\/CERBEROSHIELD_DNS_Amplification.rsc\">Descargar<\/a> (Ubicaci\u00f3n: Espa\u00f1a). \u00daltimas 24h.<br>Descargar (Ubicaci\u00f3n: Espa\u00f1a). \u00daltimas 168h.<br>Descargar (Ubicaci\u00f3n: Espa\u00f1a). \u00daltimas 744h.<\/td><\/tr><\/tbody><\/table><\/figure>\n\n\n\n<blockquote class=\"wp-block-quote is-layout-flow wp-block-quote-is-layout-flow\">\n<h2 class=\"wp-block-heading\"><strong>\u00bfC\u00f3mo automatizar las descargas en el equipo Mikrotik?<\/strong><\/h2>\n\n\n\n<p>Genera en el equipo Mikrotik un script nuevo que contenga el siguiente c\u00f3digo: <a href=\"https:\/\/blog.winetik.es\/wp-content\/uploads\/2026\/01\/CerberoShield_Auto_Descargas_Ataques.txt\">FICHERO<\/a><\/p>\n<\/blockquote>\n\n\n\n<figure class=\"wp-block-image size-large\"><img loading=\"lazy\" decoding=\"async\" width=\"1024\" height=\"580\" src=\"https:\/\/blog.winetik.es\/wp-content\/uploads\/2026\/01\/CerberoShield_Mikrotik_Configuracion-1024x580.png\" alt=\"\" class=\"wp-image-167\" srcset=\"https:\/\/blog.winetik.es\/wp-content\/uploads\/2026\/01\/CerberoShield_Mikrotik_Configuracion-1024x580.png 1024w, https:\/\/blog.winetik.es\/wp-content\/uploads\/2026\/01\/CerberoShield_Mikrotik_Configuracion-300x170.png 300w, https:\/\/blog.winetik.es\/wp-content\/uploads\/2026\/01\/CerberoShield_Mikrotik_Configuracion-768x435.png 768w, https:\/\/blog.winetik.es\/wp-content\/uploads\/2026\/01\/CerberoShield_Mikrotik_Configuracion-904x512.png 904w, https:\/\/blog.winetik.es\/wp-content\/uploads\/2026\/01\/CerberoShield_Mikrotik_Configuracion.png 1084w\" sizes=\"auto, (max-width: 1024px) 100vw, 1024px\" \/><figcaption class=\"wp-element-caption\">Primera instancia generar el script que se deja adjunto en el \u00abFICHERO\u00bb de arriba como proceder y de segundo paso se procede a programar la tarea para que sea peri\u00f3dica.<\/figcaption><\/figure>\n\n\n\n<p><em>NOTA: Se recomienda en el intervalo de carga no poner 1 hora justa, por que los vol\u00famenes de listas son gigantes y hay que procesarlos.<\/em><\/p>\n\n\n\n<div style=\"height:30px\" aria-hidden=\"true\" class=\"wp-block-spacer\"><\/div>\n\n\n\n<h1 class=\"wp-block-heading\">LISTAS IANA<\/h1>\n\n\n\n<h2 class=\"wp-block-heading\"><strong>Actualizaciones autom\u00e1ticas a las 04:00 h. (Cada d\u00eda).<\/strong><\/h2>\n\n\n\n<figure class=\"wp-block-table is-style-stripes\"><table class=\"has-fixed-layout\"><tbody><tr><td>Listas IANA<\/td><td class=\"has-text-align-center\" data-align=\"center\">M\u00e9todo<\/td><\/tr><tr><td>Listado CIRD por RIR, Continentes y Paises<\/td><td class=\"has-text-align-center\" data-align=\"center\"><a href=\"https:\/\/blog.winetik.es\/wp-uploads\/IANA\/index.php\">Acceso Web<\/a> (Ubicaci\u00f3n: Global).<\/td><\/tr><\/tbody><\/table><\/figure>\n\n\n\n<blockquote class=\"wp-block-quote is-layout-flow wp-block-quote-is-layout-flow\">\n<h2 class=\"wp-block-heading\"><strong>\u00bfC\u00f3mo automatizar las descargas en el equipo Mikrotik?<\/strong><\/h2>\n\n\n\n<p>Genera en el equipo Mikrotik un script nuevo que contenga el siguiente c\u00f3digo: <a href=\"https:\/\/blog.winetik.es\/wp-content\/uploads\/2026\/01\/CerberoShield_Auto_Descargas.txt\">FICHERO<\/a><\/p>\n<\/blockquote>\n","protected":false},"excerpt":{"rendered":"<p>CerberoShield List es una colecci\u00f3n gratuita y actualizada de listas negras de IPs maliciosas. Dise\u00f1ada espec\u00edficamente para peque\u00f1os ISPs y WISPs u Empresas que operan con MikroTik. Protecci\u00f3n activa para equipos MikroTik. Estas listas est\u00e1n optimizadas para ser cargadas directamente en el m\u00f3dulo de firewall de MikroTik, permitiendo una integraci\u00f3n r\u00e1pida y sin complicaciones. CerberoShield [&hellip;]<\/p>\n","protected":false},"author":1,"featured_media":42,"parent":0,"menu_order":0,"comment_status":"closed","ping_status":"open","template":"","meta":{"footnotes":""},"class_list":["post-2","page","type-page","status-publish","has-post-thumbnail","hentry","content-columns-1"],"_links":{"self":[{"href":"https:\/\/blog.winetik.es\/index.php\/wp-json\/wp\/v2\/pages\/2","targetHints":{"allow":["GET"]}}],"collection":[{"href":"https:\/\/blog.winetik.es\/index.php\/wp-json\/wp\/v2\/pages"}],"about":[{"href":"https:\/\/blog.winetik.es\/index.php\/wp-json\/wp\/v2\/types\/page"}],"author":[{"embeddable":true,"href":"https:\/\/blog.winetik.es\/index.php\/wp-json\/wp\/v2\/users\/1"}],"replies":[{"embeddable":true,"href":"https:\/\/blog.winetik.es\/index.php\/wp-json\/wp\/v2\/comments?post=2"}],"version-history":[{"count":58,"href":"https:\/\/blog.winetik.es\/index.php\/wp-json\/wp\/v2\/pages\/2\/revisions"}],"predecessor-version":[{"id":172,"href":"https:\/\/blog.winetik.es\/index.php\/wp-json\/wp\/v2\/pages\/2\/revisions\/172"}],"wp:featuredmedia":[{"embeddable":true,"href":"https:\/\/blog.winetik.es\/index.php\/wp-json\/wp\/v2\/media\/42"}],"wp:attachment":[{"href":"https:\/\/blog.winetik.es\/index.php\/wp-json\/wp\/v2\/media?parent=2"}],"curies":[{"name":"wp","href":"https:\/\/api.w.org\/{rel}","templated":true}]}}